{"id":726,"date":"2022-11-14T00:15:58","date_gmt":"2022-11-14T03:15:58","guid":{"rendered":"https:\/\/estudostolkienianos.com.br\/?page_id=726"},"modified":"2022-11-14T00:50:40","modified_gmt":"2022-11-14T03:50:40","slug":"link-dissertacao-de-mestrado","status":"publish","type":"page","link":"https:\/\/estudostolkienianos.com.br\/pt_br\/link-dissertacao-de-mestrado\/","title":{"rendered":"Link Disserta\u00e7\u00e3o de Mestrado"},"content":{"rendered":"\t\t<div data-elementor-type=\"wp-page\" data-elementor-id=\"726\" class=\"elementor elementor-726\">\n\t\t\t\t\t\t\t\t\t<section class=\"elementor-section elementor-top-section elementor-element elementor-element-24f608f elementor-section-height-min-height elementor-section-boxed elementor-section-height-default elementor-section-items-middle\" data-id=\"24f608f\" data-element_type=\"section\">\n\t\t\t\t\t\t<div class=\"elementor-container elementor-column-gap-default\">\n\t\t\t\t\t<div class=\"elementor-column elementor-col-100 elementor-top-column elementor-element elementor-element-e8ad1ef\" data-id=\"e8ad1ef\" data-element_type=\"column\">\n\t\t\t<div class=\"elementor-widget-wrap elementor-element-populated\">\n\t\t\t\t\t\t\t\t<div class=\"elementor-element elementor-element-38efd13 elementor-icon-list--layout-traditional elementor-list-item-link-full_width elementor-widget elementor-widget-icon-list\" data-id=\"38efd13\" data-element_type=\"widget\" data-widget_type=\"icon-list.default\">\n\t\t\t\t<div class=\"elementor-widget-container\">\n\t\t\t<link rel=\"stylesheet\" href=\"https:\/\/estudostolkienianos.com.br\/wp-content\/plugins\/elementor\/assets\/css\/widget-icon-list.min.css\">\t\t<ul class=\"elementor-icon-list-items\">\n\t\t\t\t\t\t\t<li class=\"elementor-icon-list-item\">\n\t\t\t\t\t\t\t\t\t\t\t<a href=\"https:\/\/sucupira.capes.gov.br\/sucupira\/public\/consultas\/coleta\/trabalhoConclusao\/viewTrabalhoConclusao.jsf?popup=true&#038;id_trabalho=10758874#\">\n\n\t\t\t\t\t\t\t\t\t\t\t\t<span class=\"elementor-icon-list-icon\">\n\t\t\t\t\t\t\t<i aria-hidden=\"true\" class=\"fas fa-cloud-download-alt\"><\/i>\t\t\t\t\t\t<\/span>\n\t\t\t\t\t\t\t\t\t\t<span class=\"elementor-icon-list-text\">Entre Tom\u00e1s e Tolkien: a representa\u00e7\u00e3o do ser humano segundo a escol\u00e1stica tomista na Sociedade do Anel<\/span>\n\t\t\t\t\t\t\t\t\t\t\t<\/a>\n\t\t\t\t\t\t\t\t\t<\/li>\n\t\t\t\t\t\t\t\t<li class=\"elementor-icon-list-item\">\n\t\t\t\t\t\t\t\t\t\t\t<a href=\"http:\/\/hdl.handle.net\/11449\/213607\">\n\n\t\t\t\t\t\t\t\t\t\t\t\t<span class=\"elementor-icon-list-icon\">\n\t\t\t\t\t\t\t<i aria-hidden=\"true\" class=\"fas fa-cloud-download-alt\"><\/i>\t\t\t\t\t\t<\/span>\n\t\t\t\t\t\t\t\t\t\t<span class=\"elementor-icon-list-text\">Luz e escurid\u00e3o na Terra M\u00e9dia: as met\u00e1foras conceptuais que regem O Senhor dos An\u00e9is<\/span>\n\t\t\t\t\t\t\t\t\t\t\t<\/a>\n\t\t\t\t\t\t\t\t\t<\/li>\n\t\t\t\t\t\t\t\t<li class=\"elementor-icon-list-item\">\n\t\t\t\t\t\t\t\t\t\t\t<a href=\"https:\/\/sucupira.capes.gov.br\/sucupira\/public\/consultas\/coleta\/trabalhoConclusao\/viewTrabalhoConclusao.jsf?popup=true&#038;id_trabalho=11516893#\">\n\n\t\t\t\t\t\t\t\t\t\t\t\t<span class=\"elementor-icon-list-icon\">\n\t\t\t\t\t\t\t<i aria-hidden=\"true\" class=\"fas fa-cloud-download-alt\"><\/i>\t\t\t\t\t\t<\/span>\n\t\t\t\t\t\t\t\t\t\t<span class=\"elementor-icon-list-text\">Rela\u00e7\u00f5es intermidi\u00e1ticas entre o romance The Hobbit de J. R. R. Tolkien e a can\u00e7\u00e3o Misty Mountain Hop de Led Zeppelin<\/span>\n\t\t\t\t\t\t\t\t\t\t\t<\/a>\n\t\t\t\t\t\t\t\t\t<\/li>\n\t\t\t\t\t\t\t\t<li class=\"elementor-icon-list-item\">\n\t\t\t\t\t\t\t\t\t\t\t<a href=\"https:\/\/www.repositorio.unicamp.br\/Busca\/Download?codigoArquivo=547758\">\n\n\t\t\t\t\t\t\t\t\t\t\t\t<span class=\"elementor-icon-list-icon\">\n\t\t\t\t\t\t\t<i aria-hidden=\"true\" class=\"fas fa-cloud-download-alt\"><\/i>\t\t\t\t\t\t<\/span>\n\t\t\t\t\t\t\t\t\t\t<span class=\"elementor-icon-list-text\">Um fim \u00e0 escurid\u00e3o: formaliza\u00e7\u00f5es e ficcionaliza\u00e7\u00f5es do mal e da guerra em O Senhor dos An\u00e9is, de J. R. R. Tolkien<\/span>\n\t\t\t\t\t\t\t\t\t\t\t<\/a>\n\t\t\t\t\t\t\t\t\t<\/li>\n\t\t\t\t\t\t\t\t<li class=\"elementor-icon-list-item\">\n\t\t\t\t\t\t\t\t\t\t\t<a href=\"https:\/\/sucupira.capes.gov.br\/sucupira\/public\/consultas\/coleta\/trabalhoConclusao\/viewTrabalhoConclusao.jsf?popup=true&#038;id_trabalho=10980836#\">\n\n\t\t\t\t\t\t\t\t\t\t\t\t<span class=\"elementor-icon-list-icon\">\n\t\t\t\t\t\t\t<i aria-hidden=\"true\" class=\"fas fa-cloud-download-alt\"><\/i>\t\t\t\t\t\t<\/span>\n\t\t\t\t\t\t\t\t\t\t<span class=\"elementor-icon-list-text\">Uma an\u00e1lise teol\u00f3gica da eucat\u00e1strofe na obra O Silmarillion de J. R. R. Tolkien<\/span>\n\t\t\t\t\t\t\t\t\t\t\t<\/a>\n\t\t\t\t\t\t\t\t\t<\/li>\n\t\t\t\t\t\t\t\t<li class=\"elementor-icon-list-item\">\n\t\t\t\t\t\t\t\t\t\t\t<a href=\"https:\/\/sucupira.capes.gov.br\/sucupira\/public\/consultas\/coleta\/trabalhoConclusao\/viewTrabalhoConclusao.jsf?popup=true&#038;id_trabalho=9822225#\">\n\n\t\t\t\t\t\t\t\t\t\t\t\t<span class=\"elementor-icon-list-icon\">\n\t\t\t\t\t\t\t<i aria-hidden=\"true\" class=\"fas fa-cloud-download-alt\"><\/i>\t\t\t\t\t\t<\/span>\n\t\t\t\t\t\t\t\t\t\t<span class=\"elementor-icon-list-text\">A anterioridade posterior: uma leitura desconstrucionista das adapta\u00e7\u00f5es f\u00edlmicas de O Hobbit, de Peter Jackson<\/span>\n\t\t\t\t\t\t\t\t\t\t\t<\/a>\n\t\t\t\t\t\t\t\t\t<\/li>\n\t\t\t\t\t\t\t\t<li class=\"elementor-icon-list-item\">\n\t\t\t\t\t\t\t\t\t\t\t<a href=\"https:\/\/sucupira.capes.gov.br\/sucupira\/public\/consultas\/coleta\/trabalhoConclusao\/viewTrabalhoConclusao.jsf?popup=true&#038;id_trabalho=9311859#\">\n\n\t\t\t\t\t\t\t\t\t\t\t\t<span class=\"elementor-icon-list-icon\">\n\t\t\t\t\t\t\t<i aria-hidden=\"true\" class=\"fas fa-cloud-download-alt\"><\/i>\t\t\t\t\t\t<\/span>\n\t\t\t\t\t\t\t\t\t\t<span class=\"elementor-icon-list-text\">A guerra fant\u00e1stica em O Senhor dos An\u00e9is de J. R. R. Tolkien<\/span>\n\t\t\t\t\t\t\t\t\t\t\t<\/a>\n\t\t\t\t\t\t\t\t\t<\/li>\n\t\t\t\t\t\t\t\t<li class=\"elementor-icon-list-item\">\n\t\t\t\t\t\t\t\t\t\t\t<a href=\"https:\/\/sucupira.capes.gov.br\/sucupira\/public\/consultas\/coleta\/trabalhoConclusao\/viewTrabalhoConclusao.jsf?popup=true&#038;id_trabalho=9311859#\">\n\n\t\t\t\t\t\t\t\t\t\t\t\t<span class=\"elementor-icon-list-icon\">\n\t\t\t\t\t\t\t<i aria-hidden=\"true\" class=\"fas fa-cloud-download-alt\"><\/i>\t\t\t\t\t\t<\/span>\n\t\t\t\t\t\t\t\t\t\t<span class=\"elementor-icon-list-text\">A interface literatura\/cinema em The Hobbit: intersemi\u00f3tica nas diferentes imagens de Bilbo Baggins<\/span>\n\t\t\t\t\t\t\t\t\t\t\t<\/a>\n\t\t\t\t\t\t\t\t\t<\/li>\n\t\t\t\t\t\t\t\t<li class=\"elementor-icon-list-item\">\n\t\t\t\t\t\t\t\t\t\t\t<a href=\"https:\/\/repositorio.ufpb.br\/jspui\/bitstream\/123456789\/21078\/1\/JardielRobertoDaSilvaBarbosa_Dissert.pdf\">\n\n\t\t\t\t\t\t\t\t\t\t\t\t<span class=\"elementor-icon-list-icon\">\n\t\t\t\t\t\t\t<i aria-hidden=\"true\" class=\"fas fa-cloud-download-alt\"><\/i>\t\t\t\t\t\t<\/span>\n\t\t\t\t\t\t\t\t\t\t<span class=\"elementor-icon-list-text\">O legendarium tolkieniano como paid\u00e9ia medieval<\/span>\n\t\t\t\t\t\t\t\t\t\t\t<\/a>\n\t\t\t\t\t\t\t\t\t<\/li>\n\t\t\t\t\t\t\t\t<li class=\"elementor-icon-list-item\">\n\t\t\t\t\t\t\t\t\t\t\t<a href=\"https:\/\/sucupira.capes.gov.br\/sucupira\/public\/consultas\/coleta\/trabalhoConclusao\/viewTrabalhoConclusao.jsf?popup=true&#038;id_trabalho=10792762#\">\n\n\t\t\t\t\t\t\t\t\t\t\t\t<span class=\"elementor-icon-list-icon\">\n\t\t\t\t\t\t\t<i aria-hidden=\"true\" class=\"fas fa-cloud-download-alt\"><\/i>\t\t\t\t\t\t<\/span>\n\t\t\t\t\t\t\t\t\t\t<span class=\"elementor-icon-list-text\">Os dias antigos da Terra-m\u00e9dia: B\u00edblia e mitologias em O Silmarillion, de J. R. R. Tolkien<\/span>\n\t\t\t\t\t\t\t\t\t\t\t<\/a>\n\t\t\t\t\t\t\t\t\t<\/li>\n\t\t\t\t\t\t\t\t<li class=\"elementor-icon-list-item\">\n\t\t\t\t\t\t\t\t\t\t\t<a href=\"http:\/\/hdl.handle.net\/11449\/141473\">\n\n\t\t\t\t\t\t\t\t\t\t\t\t<span class=\"elementor-icon-list-icon\">\n\t\t\t\t\t\t\t<i aria-hidden=\"true\" class=\"fas fa-cloud-download-alt\"><\/i>\t\t\t\t\t\t<\/span>\n\t\t\t\t\t\t\t\t\t\t<span class=\"elementor-icon-list-text\">As representa\u00e7\u00f5es hist\u00f3ricas do orientalismo na obra de Tolkien (1930-1950)<\/span>\n\t\t\t\t\t\t\t\t\t\t\t<\/a>\n\t\t\t\t\t\t\t\t\t<\/li>\n\t\t\t\t\t\t<\/ul>\n\t\t\t\t<\/div>\n\t\t\t\t<\/div>\n\t\t\t\t<div class=\"elementor-element elementor-element-cdd50c9 elementor-align-center elementor-widget elementor-widget-button\" data-id=\"cdd50c9\" data-element_type=\"widget\" data-widget_type=\"button.default\">\n\t\t\t\t<div class=\"elementor-widget-container\">\n\t\t\t\t\t<div class=\"elementor-button-wrapper\">\n\t\t\t<a href=\"https:\/\/estudostolkienianos.com.br\/pt_br\/dissertacoes-de-mestrado\/\" class=\"elementor-button-link elementor-button elementor-size-xl\" role=\"button\">\n\t\t\t\t\t\t<span class=\"elementor-button-content-wrapper\">\n\t\t\t\t\t\t\t<span class=\"elementor-button-icon elementor-align-icon-left\">\n\t\t\t\t<i aria-hidden=\"true\" class=\"fas fa-arrow-circle-left\"><\/i>\t\t\t<\/span>\n\t\t\t\t\t\t<span class=\"elementor-button-text\">VOLTAR PARA O SITE<\/span>\n\t\t<\/span>\n\t\t\t\t\t<\/a>\n\t\t<\/div>\n\t\t\t\t<\/div>\n\t\t\t\t<\/div>\n\t\t\t\t\t<\/div>\n\t\t<\/div>\n\t\t\t\t\t\t\t<\/div>\n\t\t<\/section>\n\t\t\t\t\t\t\t<\/div>\n\t\t","protected":false},"excerpt":{"rendered":"<p>Entre Tom\u00e1s e Tolkien: a representa\u00e7\u00e3o do ser humano segundo a escol\u00e1stica tomista na Sociedade do Anel Luz e escurid\u00e3o na Terra M\u00e9dia: as met\u00e1foras conceptuais que regem O Senhor dos An\u00e9is Rela\u00e7\u00f5es intermidi\u00e1ticas entre o romance The Hobbit de J. R. R. Tolkien e a can\u00e7\u00e3o Misty Mountain Hop de Led Zeppelin Um fim [&hellip;]<\/p>\n","protected":false},"author":1,"featured_media":0,"parent":0,"menu_order":0,"comment_status":"closed","ping_status":"closed","template":"elementor_canvas","meta":{"om_disable_all_campaigns":false,"_mi_skip_tracking":false},"aioseo_notices":[],"_links":{"self":[{"href":"https:\/\/estudostolkienianos.com.br\/pt_br\/wp-json\/wp\/v2\/pages\/726"}],"collection":[{"href":"https:\/\/estudostolkienianos.com.br\/pt_br\/wp-json\/wp\/v2\/pages"}],"about":[{"href":"https:\/\/estudostolkienianos.com.br\/pt_br\/wp-json\/wp\/v2\/types\/page"}],"author":[{"embeddable":true,"href":"https:\/\/estudostolkienianos.com.br\/pt_br\/wp-json\/wp\/v2\/users\/1"}],"replies":[{"embeddable":true,"href":"https:\/\/estudostolkienianos.com.br\/pt_br\/wp-json\/wp\/v2\/comments?post=726"}],"version-history":[{"count":13,"href":"https:\/\/estudostolkienianos.com.br\/pt_br\/wp-json\/wp\/v2\/pages\/726\/revisions"}],"predecessor-version":[{"id":791,"href":"https:\/\/estudostolkienianos.com.br\/pt_br\/wp-json\/wp\/v2\/pages\/726\/revisions\/791"}],"wp:attachment":[{"href":"https:\/\/estudostolkienianos.com.br\/pt_br\/wp-json\/wp\/v2\/media?parent=726"}],"curies":[{"name":"wp","href":"https:\/\/api.w.org\/{rel}","templated":true}]}}