{"id":436,"date":"2022-11-13T18:09:36","date_gmt":"2022-11-13T21:09:36","guid":{"rendered":"https:\/\/estudostolkienianos.com.br\/?page_id=436"},"modified":"2022-11-13T18:17:05","modified_gmt":"2022-11-13T21:17:05","slug":"livros","status":"publish","type":"page","link":"https:\/\/estudostolkienianos.com.br\/pt_br\/livros\/","title":{"rendered":"Livros"},"content":{"rendered":"\t\t<div data-elementor-type=\"wp-page\" data-elementor-id=\"436\" class=\"elementor elementor-436\">\n\t\t\t\t\t\t\t\t\t<section class=\"elementor-section elementor-top-section elementor-element elementor-element-7f657db elementor-section-boxed elementor-section-height-default elementor-section-height-default\" data-id=\"7f657db\" data-element_type=\"section\">\n\t\t\t\t\t\t<div class=\"elementor-container elementor-column-gap-default\">\n\t\t\t\t\t<div class=\"elementor-column elementor-col-100 elementor-top-column elementor-element elementor-element-0c584db\" data-id=\"0c584db\" data-element_type=\"column\">\n\t\t\t<div class=\"elementor-widget-wrap elementor-element-populated\">\n\t\t\t\t\t\t\t\t<div class=\"elementor-element elementor-element-6e15168 elementor-widget elementor-widget-spacer\" data-id=\"6e15168\" data-element_type=\"widget\" data-widget_type=\"spacer.default\">\n\t\t\t\t<div class=\"elementor-widget-container\">\n\t\t\t<style>\/*! elementor - v3.8.0 - 30-10-2022 *\/\n.elementor-column .elementor-spacer-inner{height:var(--spacer-size)}.e-con{--container-widget-width:100%}.e-con-inner>.elementor-widget-spacer,.e-con>.elementor-widget-spacer{width:var(--container-widget-width,var(--spacer-size));-ms-flex-item-align:stretch;align-self:stretch;-ms-flex-negative:0;flex-shrink:0}.e-con-inner>.elementor-widget-spacer>.elementor-widget-container,.e-con-inner>.elementor-widget-spacer>.elementor-widget-container>.elementor-spacer,.e-con>.elementor-widget-spacer>.elementor-widget-container,.e-con>.elementor-widget-spacer>.elementor-widget-container>.elementor-spacer{height:100%}.e-con-inner>.elementor-widget-spacer>.elementor-widget-container>.elementor-spacer>.elementor-spacer-inner,.e-con>.elementor-widget-spacer>.elementor-widget-container>.elementor-spacer>.elementor-spacer-inner{height:var(--container-widget-height,var(--spacer-size))}<\/style>\t\t<div class=\"elementor-spacer\">\n\t\t\t<div class=\"elementor-spacer-inner\"><\/div>\n\t\t<\/div>\n\t\t\t\t<\/div>\n\t\t\t\t<\/div>\n\t\t\t\t\t<\/div>\n\t\t<\/div>\n\t\t\t\t\t\t\t<\/div>\n\t\t<\/section>\n\t\t\t\t<section class=\"elementor-section elementor-top-section elementor-element elementor-element-d2e8aff elementor-section-boxed elementor-section-height-default elementor-section-height-default\" data-id=\"d2e8aff\" data-element_type=\"section\" data-settings=\"{&quot;background_background&quot;:&quot;classic&quot;}\">\n\t\t\t\t\t\t<div class=\"elementor-container elementor-column-gap-default\">\n\t\t\t\t\t<div class=\"elementor-column elementor-col-100 elementor-top-column elementor-element elementor-element-53d36ca\" data-id=\"53d36ca\" data-element_type=\"column\">\n\t\t\t<div class=\"elementor-widget-wrap elementor-element-populated\">\n\t\t\t\t\t\t\t\t<div class=\"elementor-element elementor-element-8293ae8 elementor-widget elementor-widget-heading\" data-id=\"8293ae8\" data-element_type=\"widget\" data-widget_type=\"heading.default\">\n\t\t\t\t<div class=\"elementor-widget-container\">\n\t\t\t<style>\/*! elementor - v3.8.0 - 30-10-2022 *\/\n.elementor-heading-title{padding:0;margin:0;line-height:1}.elementor-widget-heading .elementor-heading-title[class*=elementor-size-]>a{color:inherit;font-size:inherit;line-height:inherit}.elementor-widget-heading .elementor-heading-title.elementor-size-small{font-size:15px}.elementor-widget-heading .elementor-heading-title.elementor-size-medium{font-size:19px}.elementor-widget-heading .elementor-heading-title.elementor-size-large{font-size:29px}.elementor-widget-heading .elementor-heading-title.elementor-size-xl{font-size:39px}.elementor-widget-heading .elementor-heading-title.elementor-size-xxl{font-size:59px}<\/style><h2 class=\"elementor-heading-title elementor-size-default\">Livros Publicados<\/h2>\t\t<\/div>\n\t\t\t\t<\/div>\n\t\t\t\t\t<\/div>\n\t\t<\/div>\n\t\t\t\t\t\t\t<\/div>\n\t\t<\/section>\n\t\t\t\t<section class=\"elementor-section elementor-top-section elementor-element elementor-element-d99a94e elementor-section-boxed elementor-section-height-default elementor-section-height-default\" data-id=\"d99a94e\" data-element_type=\"section\">\n\t\t\t\t\t\t<div class=\"elementor-container elementor-column-gap-default\">\n\t\t\t\t\t<div class=\"elementor-column elementor-col-100 elementor-top-column elementor-element elementor-element-a0e09d8\" data-id=\"a0e09d8\" data-element_type=\"column\">\n\t\t\t<div class=\"elementor-widget-wrap elementor-element-populated\">\n\t\t\t\t\t\t\t\t<div class=\"elementor-element elementor-element-9163d6c elementor-widget elementor-widget-upk-harold-list\" data-id=\"9163d6c\" data-element_type=\"widget\" data-settings=\"{&quot;upk_in_animation_show&quot;:&quot;yes&quot;}\" data-widget_type=\"upk-harold-list.default\">\n\t\t\t\t<div class=\"elementor-widget-container\">\n\t\t\t\t\t<div class=\"upk-harold-list upk-in-animation\" data-in-animation-delay=\"\">\n\t\t\t<div class=\"upk-list-wrap\">\n\n\t\t\t\t\n\t\t\t\t\t\t\t<div class=\"upk-item\">\n\t\t\t<div class=\"upk-item-box\">\n\t\t\t\t\t\t\t\t\t<div class=\"upk-image-wrap\">\n\t\t\t\t\t\t\t\t<img decoding=\"async\" class=\"upk-img\" src=\"https:\/\/estudostolkienianos.com.br\/wp-content\/uploads\/2022\/11\/Folhas_daArvore-1-211x300.png\" alt=\"(2021) Folhas da \u00c1rvore: A Fic\u00e7\u00e3o de Tolkien\">\r\n\t\t\t\t\t\t\t<\/div>\n\t\t\t\t\t\t\t\t<div class=\"upk-content\">\n\t\t\t\t\t<div>\n\t\t\t\t\t\t\t\t<div class=\"upk-category\">\r\n\t\t\t<a href=\"https:\/\/estudostolkienianos.com.br\/pt_br\/category\/publicacoes\/publicacoes-livros\/\">Livros<\/a>\t\t<\/div>\r\n\t\t\t\t\t\t\t\t<h3 class=\"upk-title\"><a href=\"https:\/\/estudostolkienianos.com.br\/pt_br\/2021-folhas-da-arvore-a-ficcao-de-tolkien\/\" title=\"(2021) Folhas da \u00c1rvore: A Fic\u00e7\u00e3o de Tolkien\" class=\"title-animation-underline\" >(2021) Folhas da \u00c1rvore: A Fic\u00e7\u00e3o de Tolkien<\/a><\/h3>\t\t\t\t\t\t<div class=\"upk-meta\">\n\t\t\t\t\t\t\t\t\t\t\t\t\t\t\t\t\t\t\t\t<\/div>\n\t\t\t\t\t<\/div>\n\t\t\t\t<\/div>\n\t\t\t<\/div>\n\t\t<\/div>\n\n\t\n\t\t\t\t\t\t\t<\/div>\n\t\t<\/div>\n\n\t\t\t\t\t<div class=\"ep-pagination\">\n\t\t\t\t\t\t\t<\/div>\n\t\t<\/div>\n\t\t\t\t<\/div>\n\t\t\t\t\t<\/div>\n\t\t<\/div>\n\t\t\t\t\t\t\t<\/div>\n\t\t<\/section>\n\t\t\t\t\t\t\t<\/div>\n\t\t","protected":false},"excerpt":{"rendered":"<p>Livros Publicados Livros (2021) Folhas da \u00c1rvore: A Fic\u00e7\u00e3o de Tolkien<\/p>\n","protected":false},"author":1,"featured_media":0,"parent":0,"menu_order":0,"comment_status":"closed","ping_status":"closed","template":"elementor_header_footer","meta":{"om_disable_all_campaigns":false,"_mi_skip_tracking":false},"aioseo_notices":[],"_links":{"self":[{"href":"https:\/\/estudostolkienianos.com.br\/pt_br\/wp-json\/wp\/v2\/pages\/436"}],"collection":[{"href":"https:\/\/estudostolkienianos.com.br\/pt_br\/wp-json\/wp\/v2\/pages"}],"about":[{"href":"https:\/\/estudostolkienianos.com.br\/pt_br\/wp-json\/wp\/v2\/types\/page"}],"author":[{"embeddable":true,"href":"https:\/\/estudostolkienianos.com.br\/pt_br\/wp-json\/wp\/v2\/users\/1"}],"replies":[{"embeddable":true,"href":"https:\/\/estudostolkienianos.com.br\/pt_br\/wp-json\/wp\/v2\/comments?post=436"}],"version-history":[{"count":4,"href":"https:\/\/estudostolkienianos.com.br\/pt_br\/wp-json\/wp\/v2\/pages\/436\/revisions"}],"predecessor-version":[{"id":447,"href":"https:\/\/estudostolkienianos.com.br\/pt_br\/wp-json\/wp\/v2\/pages\/436\/revisions\/447"}],"wp:attachment":[{"href":"https:\/\/estudostolkienianos.com.br\/pt_br\/wp-json\/wp\/v2\/media?parent=436"}],"curies":[{"name":"wp","href":"https:\/\/api.w.org\/{rel}","templated":true}]}}